{"id":1516,"date":"2022-12-09T12:46:49","date_gmt":"2022-12-09T17:46:49","guid":{"rendered":"https:\/\/afam-maiw.com\/advantages-of-being-a-member-of-maiw\/"},"modified":"2023-09-08T14:04:59","modified_gmt":"2023-09-08T18:04:59","slug":"advantages-of-being-a-member-of-maiw","status":"publish","type":"page","link":"https:\/\/afam-maiw.com\/en\/advantages-of-being-a-member-of-maiw\/","title":{"rendered":"Advantages of being a member of MAIW"},"content":{"rendered":"\t\t<div data-elementor-type=\"wp-page\" data-elementor-id=\"1516\" class=\"elementor elementor-1516 elementor-701\">\n\t\t\t\t\t\t<section class=\"elementor-section elementor-top-section elementor-element elementor-element-7a25f5e2 elementor-section-boxed elementor-section-height-default elementor-section-height-default\" data-id=\"7a25f5e2\" data-element_type=\"section\" id=\"Titre\" data-settings=\"{&quot;background_background&quot;:&quot;classic&quot;}\">\n\t\t\t\t\t\t\t<div class=\"elementor-background-overlay\"><\/div>\n\t\t\t\t\t\t\t<div class=\"elementor-container elementor-column-gap-default\">\n\t\t\t\t\t<div class=\"elementor-column elementor-col-100 elementor-top-column elementor-element elementor-element-5c36f97c\" data-id=\"5c36f97c\" data-element_type=\"column\">\n\t\t\t<div class=\"elementor-widget-wrap elementor-element-populated\">\n\t\t\t\t\t\t<div class=\"elementor-element elementor-element-aa876bc elementor-widget elementor-widget-heading\" data-id=\"aa876bc\" data-element_type=\"widget\" data-widget_type=\"heading.default\">\n\t\t\t\t<div class=\"elementor-widget-container\">\n\t\t\t\t\t<h1 class=\"elementor-heading-title elementor-size-default\">Advantages of being a member of MAIW<\/h1>\t\t\t\t<\/div>\n\t\t\t\t<\/div>\n\t\t\t\t\t<\/div>\n\t\t<\/div>\n\t\t\t\t\t<\/div>\n\t\t<\/section>\n\t\t\t\t<section class=\"elementor-section elementor-top-section elementor-element elementor-element-7a4eb852 elementor-section-boxed elementor-section-height-default elementor-section-height-default\" data-id=\"7a4eb852\" data-element_type=\"section\">\n\t\t\t\t\t\t<div class=\"elementor-container elementor-column-gap-default\">\n\t\t\t\t\t<div class=\"elementor-column elementor-col-50 elementor-top-column elementor-element elementor-element-2bed2741\" data-id=\"2bed2741\" data-element_type=\"column\" data-settings=\"{&quot;background_background&quot;:&quot;classic&quot;}\">\n\t\t\t<div class=\"elementor-widget-wrap elementor-element-populated\">\n\t\t\t\t\t\t<div class=\"elementor-element elementor-element-354a65c5 elementor-widget elementor-widget-spacer\" data-id=\"354a65c5\" data-element_type=\"widget\" data-widget_type=\"spacer.default\">\n\t\t\t\t<div class=\"elementor-widget-container\">\n\t\t\t\t\t\t\t<div class=\"elementor-spacer\">\n\t\t\t<div class=\"elementor-spacer-inner\"><\/div>\n\t\t<\/div>\n\t\t\t\t\t\t<\/div>\n\t\t\t\t<\/div>\n\t\t\t\t\t<\/div>\n\t\t<\/div>\n\t\t\t\t<div class=\"elementor-column elementor-col-50 elementor-top-column elementor-element elementor-element-7f7ee718\" data-id=\"7f7ee718\" data-element_type=\"column\">\n\t\t\t<div class=\"elementor-widget-wrap elementor-element-populated\">\n\t\t\t\t\t\t<div class=\"elementor-element elementor-element-265eabe9 elementor-hidden-desktop elementor-hidden-tablet elementor-hidden-mobile elementor-widget elementor-widget-heading\" data-id=\"265eabe9\" data-element_type=\"widget\" data-widget_type=\"heading.default\">\n\t\t\t\t<div class=\"elementor-widget-container\">\n\t\t\t\t\t<h2 class=\"elementor-heading-title elementor-size-default\">Ajoutez votre titre ici<\/h2>\t\t\t\t<\/div>\n\t\t\t\t<\/div>\n\t\t\t\t<div class=\"elementor-element elementor-element-290d727 elementor-widget elementor-widget-text-editor\" data-id=\"290d727\" data-element_type=\"widget\" data-widget_type=\"text-editor.default\">\n\t\t\t\t<div class=\"elementor-widget-container\">\n\t\t\t\t\t\t\t\t\t<ul>\n<li>Access to free education sessions or at a reduced cost<\/li>\n<li>Networking activities<\/li>\n<li>Personal and professional development activities<\/li>\n<li>Be part of a group of dynamic women<\/li>\n<li>Opportunity to get involved in the committees and\/or on the executive<\/li>\n<li>Participate in activities that benefit charitable organizations<\/li>\n<li>Stay updated with the current events in the insurance industry <\/li>\n<\/ul>\n\t\t\t\t\t\t\t\t<\/div>\n\t\t\t\t<\/div>\n\t\t\t\t<div class=\"elementor-element elementor-element-79374f5c elementor-widget elementor-widget-button\" data-id=\"79374f5c\" data-element_type=\"widget\" data-widget_type=\"button.default\">\n\t\t\t\t<div class=\"elementor-widget-container\">\n\t\t\t\t\t\t\t\t\t<div class=\"elementor-button-wrapper\">\n\t\t\t\t\t<a class=\"elementor-button elementor-button-link elementor-size-sm\" href=\"https:\/\/afam-maiw.com\/en\/maiw-membership-form\/\">\n\t\t\t\t\t\t<span class=\"elementor-button-content-wrapper\">\n\t\t\t\t\t\t\t\t\t<span class=\"elementor-button-text\">I want to join MAIW<\/span>\n\t\t\t\t\t<\/span>\n\t\t\t\t\t<\/a>\n\t\t\t\t<\/div>\n\t\t\t\t\t\t\t\t<\/div>\n\t\t\t\t<\/div>\n\t\t\t\t\t<\/div>\n\t\t<\/div>\n\t\t\t\t\t<\/div>\n\t\t<\/section>\n\t\t\t\t<section class=\"elementor-section elementor-top-section elementor-element elementor-element-497c666 elementor-section-boxed elementor-section-height-default elementor-section-height-default\" data-id=\"497c666\" data-element_type=\"section\">\n\t\t\t\t\t\t<div class=\"elementor-container elementor-column-gap-default\">\n\t\t\t\t\t<div class=\"elementor-column elementor-col-50 elementor-top-column elementor-element elementor-element-7f7d8a4\" data-id=\"7f7d8a4\" data-element_type=\"column\">\n\t\t\t<div class=\"elementor-widget-wrap elementor-element-populated\">\n\t\t\t\t\t\t<div class=\"elementor-element elementor-element-1f47c9f elementor-widget elementor-widget-heading\" data-id=\"1f47c9f\" data-element_type=\"widget\" data-widget_type=\"heading.default\">\n\t\t\t\t<div class=\"elementor-widget-container\">\n\t\t\t\t\t<h2 class=\"elementor-heading-title elementor-size-default\">Any questions ?\nContact us !<\/h2>\t\t\t\t<\/div>\n\t\t\t\t<\/div>\n\t\t\t\t<div class=\"elementor-element elementor-element-cb2e31b elementor-widget elementor-widget-text-editor\" data-id=\"cb2e31b\" data-element_type=\"widget\" data-widget_type=\"text-editor.default\">\n\t\t\t\t<div class=\"elementor-widget-container\">\n\t\t\t\t\t\t\t\t\t\n<div class=\"wpcf7 no-js\" id=\"wpcf7-f1729-o1\" lang=\"en-US\" dir=\"ltr\" data-wpcf7-id=\"1729\">\n<div class=\"screen-reader-response\"><p role=\"status\" aria-live=\"polite\" aria-atomic=\"true\"><\/p> <ul><\/ul><\/div>\n<form action=\"\/en\/wp-json\/wp\/v2\/pages\/1516#wpcf7-f1729-o1\" method=\"post\" class=\"wpcf7-form init\" aria-label=\"Contact form\" novalidate=\"novalidate\" data-status=\"init\">\n<fieldset class=\"hidden-fields-container\"><input type=\"hidden\" name=\"_wpcf7\" value=\"1729\" \/><input type=\"hidden\" name=\"_wpcf7_version\" value=\"6.1.4\" \/><input type=\"hidden\" name=\"_wpcf7_locale\" value=\"en_US\" \/><input type=\"hidden\" name=\"_wpcf7_unit_tag\" value=\"wpcf7-f1729-o1\" \/><input type=\"hidden\" name=\"_wpcf7_container_post\" value=\"0\" \/><input type=\"hidden\" name=\"_wpcf7_posted_data_hash\" value=\"\" \/><input type=\"hidden\" name=\"_wpcf7_recaptcha_response\" value=\"\" \/>\n<\/fieldset>\n<div class=\"btContact\">\n\t<div class=\"btContactRow\">\n\t\t<div class=\"btContactColumnLeft\">\n\t\t\t<p><label>FIRST NAME<\/label><span class=\"wpcf7-form-control-wrap\" data-name=\"your-name\"><input size=\"40\" maxlength=\"400\" class=\"wpcf7-form-control wpcf7-text wpcf7-validates-as-required\" aria-required=\"true\" aria-invalid=\"false\" value=\"\" type=\"text\" name=\"your-name\" \/><\/span>\n\t\t\t<\/p>\n\t\t<\/div>\n\t\t<div class=\"btContactColumnRight\">\n\t\t\t<p><label>LAST NAME<\/label><span class=\"wpcf7-form-control-wrap\" data-name=\"your-lastname\"><input size=\"40\" maxlength=\"400\" class=\"wpcf7-form-control wpcf7-text wpcf7-validates-as-required\" aria-required=\"true\" aria-invalid=\"false\" value=\"\" type=\"text\" name=\"your-lastname\" \/><\/span>\n\t\t\t<\/p>\n\t\t<\/div>\n\t<\/div>\n\t<div class=\"btContactColumnLeft\">\n\t\t<p><label>EMAIL ADDRESS<\/label><span class=\"wpcf7-form-control-wrap\" data-name=\"your-email\"><input size=\"40\" maxlength=\"400\" class=\"wpcf7-form-control wpcf7-email wpcf7-validates-as-required wpcf7-text wpcf7-validates-as-email\" aria-required=\"true\" aria-invalid=\"false\" value=\"\" type=\"email\" name=\"your-email\" \/><\/span>\n\t\t<\/p>\n\t<\/div>\n\t<div class=\"btContactColumnLeft\">\n\t\t<p><label>MOBILE PHONE<\/label><span class=\"wpcf7-form-control-wrap\" data-name=\"your-phone\"><input size=\"40\" maxlength=\"400\" class=\"wpcf7-form-control wpcf7-tel wpcf7-validates-as-required wpcf7-text wpcf7-validates-as-tel\" aria-required=\"true\" aria-invalid=\"false\" value=\"\" type=\"tel\" name=\"your-phone\" \/><\/span>\n\t\t<\/p>\n\t<\/div>\n<\/div>\n<div class=\"btContactMessage\">\n\t<p><label> BRIEFLY DESCRIBE YOUR QUESTION<\/label><span class=\"wpcf7-form-control-wrap\" data-name=\"your-message\"><textarea cols=\"40\" rows=\"10\" maxlength=\"2000\" class=\"wpcf7-form-control wpcf7-textarea\" aria-invalid=\"false\" name=\"your-message\"><\/textarea><\/span>\n\t<\/p>\n<\/div>\n<div class=\"btContactRow\">\n<\/div>\n<p><input class=\"wpcf7-form-control wpcf7-submit has-spinner\" type=\"submit\" value=\"SUBMIT\" \/>\n<\/p>\n\n<!-- CONFIGURER CI-DESSOUS -->\n<p><script>\n var nom_champ_tel = 'your-phone';\n var message_erreur_tel = 'Veuillez fournir un num\u00e9ro de t\u00e9l\u00e9phone valide SVP.';\n\n<\/script>\n<\/p>\n\n<!-- COPIER CE BLOC AUTANT QUE N\u00c9CESSAIRE EN CHANGEANT \"name=XXX\" et \"height: YYYpx\" -->\n<style>\n textarea[name=your-message] {\n height: 100px !important;\n }\n<\/style>\n\n<!-- COPIER CI-DESSOUS TEL QUEL -->\n<p><script>\n document.addEventListener('DOMContentLoaded', function() {\n jQuery('input[name=' + nom_champ_code_postal + ']').attr('minlength', 7)\n .attr('maxlength', 7)\n .attr('pattern', '.{7,7}')\n .attr('oninput', oninput)\n .attr('placeholder', 'ex.: J1J 1L3')\n .on('input', function() {\n jQuery(this).val(jQuery(this).val().toUpperCase().replace(\/W\/g,'').replace(\/(...)\/,'$1 ').trim());\n });\n });\n jQuery('.wpcf7-submit').click(function(event) {\n if(document.querySelector('input[name=' + nom_champ_tel + ']').value.length !== 14) {\n swal('', message_erreur_tel, 'error');\n event.preventDefault();\n event.stopPropagation();\n return false;\n }\n if(!\/^[ABCEGHJ-NPRSTVXY]d[ABCEGHJ-NPRSTV-Z] d[ABCEGHJ-NPRSTV-Z]d$\/.test(document.querySelector('input[name=' + nom_champ_code_postal + ']').value) ||\n document.querySelector('input[name=' + nom_champ_code_postal + ']').value === 'H0H 0H0') {\n swal('', message_erreur_code_postal, 'error');\n event.preventDefault();\n event.stopPropagation();\n return false;\n }\n });\n<\/script>\n<\/p>\n<p><script>\n\/\/ https:\/\/www.cssscript.com\/demo\/format-phone-numbers-phoneinput\/\n\/\/ Improved for autofill and pasting support\nlet phoneStr = '';\nlet formattedStr = '';\nlet deleteMode = false;\nconst phoneInput = document.querySelector('input[name=' + nom_champ_tel + ']');\nconst defaultFormat = '({0}{1}{2}) {3}{4}{5}-{6}{7}{8}{9}';\nphoneInput.addEventListener('keydown', (e) => {\n if (e.key === 'Backspace') {\n deleteMode = true;\n } else {\n deleteMode = false;\n }\n});\nphoneInput.addEventListener('input', (e) => {console.log(e);\n if(deleteMode) {\n phoneInput.value = phoneInput.value;\n phoneStr = parsePhoneString(phoneInput.value);\n } else {\n if(e.inputType == undefined || e.inputType == 'insertFromPaste') {\n phoneStr = phoneInput.value.replace(\/[^0-9]\/g, '').substr(-10);\n } else {\n if(e.inputType == 'insertText' && !isNaN(parseInt(e.data))) {\n if (phoneStr.length <= 10) { phoneStr += e.data; } } } phoneInput.value = formatPhoneString(); } }); function formatPhoneString() { let strArr = phoneStr.split(''); formattedStr = defaultFormat; for(let i = 0; i \n\n<link rel=\"stylesheet\" href=\"https:\/\/inservio.s3.ca-central-1.amazonaws.com\/cf7pm\/style.css\" \/>\n<\/script><script defer src=\"https:\/\/inservio.s3.ca-central-1.amazonaws.com\/cf7pm\/script.js\"><\/script>\n<\/p>\n\n<!-- CHANGER \"fr.js\" PAR \"en.js\" SI FORMULAIRE EN ANGLAIS -->\n<p><script defer src=\"https:\/\/inservio.s3.ca-central-1.amazonaws.com\/cf7pm\/fr.js\"><\/script>\n<\/p><div class=\"wpcf7-response-output\" aria-hidden=\"true\"><\/div>\n<\/form>\n<\/div>\n\n\t\t\t\t\t\t\t\t<\/div>\n\t\t\t\t<\/div>\n\t\t\t\t\t<\/div>\n\t\t<\/div>\n\t\t\t\t<div class=\"elementor-column elementor-col-50 elementor-top-column elementor-element elementor-element-ac666d4\" data-id=\"ac666d4\" data-element_type=\"column\" data-settings=\"{&quot;background_background&quot;:&quot;classic&quot;}\">\n\t\t\t<div class=\"elementor-widget-wrap\">\n\t\t\t\t\t\t\t<\/div>\n\t\t<\/div>\n\t\t\t\t\t<\/div>\n\t\t<\/section>\n\t\t\t\t<\/div>\n\t\t","protected":false},"excerpt":{"rendered":"<p>Advantages of being a member of MAIW Ajoutez votre titre ici Access to free education sessions or at a reduced cost Networking activities Personal and professional development activities Be part [&hellip;]<\/p>\n","protected":false},"author":2,"featured_media":0,"parent":0,"menu_order":0,"comment_status":"closed","ping_status":"closed","template":"","meta":{"_monsterinsights_skip_tracking":false,"_monsterinsights_sitenote_active":false,"_monsterinsights_sitenote_note":"","_monsterinsights_sitenote_category":0,"site-sidebar-layout":"no-sidebar","site-content-layout":"page-builder","ast-site-content-layout":"default","site-content-style":"default","site-sidebar-style":"default","ast-global-header-display":"","ast-banner-title-visibility":"","ast-main-header-display":"","ast-hfb-above-header-display":"","ast-hfb-below-header-display":"","ast-hfb-mobile-header-display":"","site-post-title":"disabled","ast-breadcrumbs-content":"","ast-featured-img":"disabled","footer-sml-layout":"","theme-transparent-header-meta":"","adv-header-id-meta":"","stick-header-meta":"","header-above-stick-meta":"","header-main-stick-meta":"","header-below-stick-meta":"","astra-migrate-meta-layouts":"default","ast-page-background-enabled":"default","ast-page-background-meta":{"desktop":{"background-color":"var(--ast-global-color-4)","background-image":"","background-repeat":"repeat","background-position":"center center","background-size":"auto","background-attachment":"scroll","background-type":"","background-media":"","overlay-type":"","overlay-color":"","overlay-opacity":"","overlay-gradient":""},"tablet":{"background-color":"","background-image":"","background-repeat":"repeat","background-position":"center center","background-size":"auto","background-attachment":"scroll","background-type":"","background-media":"","overlay-type":"","overlay-color":"","overlay-opacity":"","overlay-gradient":""},"mobile":{"background-color":"","background-image":"","background-repeat":"repeat","background-position":"center center","background-size":"auto","background-attachment":"scroll","background-type":"","background-media":"","overlay-type":"","overlay-color":"","overlay-opacity":"","overlay-gradient":""}},"ast-content-background-meta":{"desktop":{"background-color":"var(--ast-global-color-5)","background-image":"","background-repeat":"repeat","background-position":"center center","background-size":"auto","background-attachment":"scroll","background-type":"","background-media":"","overlay-type":"","overlay-color":"","overlay-opacity":"","overlay-gradient":""},"tablet":{"background-color":"var(--ast-global-color-5)","background-image":"","background-repeat":"repeat","background-position":"center center","background-size":"auto","background-attachment":"scroll","background-type":"","background-media":"","overlay-type":"","overlay-color":"","overlay-opacity":"","overlay-gradient":""},"mobile":{"background-color":"var(--ast-global-color-5)","background-image":"","background-repeat":"repeat","background-position":"center center","background-size":"auto","background-attachment":"scroll","background-type":"","background-media":"","overlay-type":"","overlay-color":"","overlay-opacity":"","overlay-gradient":""}},"footnotes":""},"class_list":["post-1516","page","type-page","status-publish","hentry"],"yoast_head":"<!-- This site is optimized with the Yoast SEO plugin v26.5 - https:\/\/yoast.com\/wordpress\/plugins\/seo\/ -->\n<title>Advantages of being a member of MAIW - AFAM-MAIW<\/title>\n<meta name=\"robots\" content=\"index, follow, max-snippet:-1, max-image-preview:large, max-video-preview:-1\" \/>\n<link rel=\"canonical\" href=\"https:\/\/afam-maiw.com\/en\/advantages-of-being-a-member-of-maiw\/\" \/>\n<meta property=\"og:locale\" content=\"en_US\" \/>\n<meta property=\"og:type\" content=\"article\" \/>\n<meta property=\"og:title\" content=\"Advantages of being a member of MAIW - AFAM-MAIW\" \/>\n<meta property=\"og:description\" content=\"Advantages of being a member of MAIW Ajoutez votre titre ici Access to free education sessions or at a reduced cost Networking activities Personal and professional development activities Be part [&hellip;]\" \/>\n<meta property=\"og:url\" content=\"https:\/\/afam-maiw.com\/en\/advantages-of-being-a-member-of-maiw\/\" \/>\n<meta property=\"og:site_name\" content=\"AFAM-MAIW\" \/>\n<meta property=\"article:modified_time\" content=\"2023-09-08T18:04:59+00:00\" \/>\n<meta name=\"twitter:card\" content=\"summary_large_image\" \/>\n<script type=\"application\/ld+json\" class=\"yoast-schema-graph\">{\"@context\":\"https:\/\/schema.org\",\"@graph\":[{\"@type\":\"WebPage\",\"@id\":\"https:\/\/afam-maiw.com\/en\/advantages-of-being-a-member-of-maiw\/\",\"url\":\"https:\/\/afam-maiw.com\/en\/advantages-of-being-a-member-of-maiw\/\",\"name\":\"Advantages of being a member of MAIW - AFAM-MAIW\",\"isPartOf\":{\"@id\":\"https:\/\/afam-maiw.com\/#website\"},\"datePublished\":\"2022-12-09T17:46:49+00:00\",\"dateModified\":\"2023-09-08T18:04:59+00:00\",\"breadcrumb\":{\"@id\":\"https:\/\/afam-maiw.com\/en\/advantages-of-being-a-member-of-maiw\/#breadcrumb\"},\"inLanguage\":\"en-US\",\"potentialAction\":[{\"@type\":\"ReadAction\",\"target\":[\"https:\/\/afam-maiw.com\/en\/advantages-of-being-a-member-of-maiw\/\"]}]},{\"@type\":\"BreadcrumbList\",\"@id\":\"https:\/\/afam-maiw.com\/en\/advantages-of-being-a-member-of-maiw\/#breadcrumb\",\"itemListElement\":[{\"@type\":\"ListItem\",\"position\":1,\"name\":\"Accueil\",\"item\":\"https:\/\/afam-maiw.com\/en\/\"},{\"@type\":\"ListItem\",\"position\":2,\"name\":\"Advantages of being a member of MAIW\"}]},{\"@type\":\"WebSite\",\"@id\":\"https:\/\/afam-maiw.com\/#website\",\"url\":\"https:\/\/afam-maiw.com\/\",\"name\":\"AFAM-MAIW\",\"description\":\"\",\"potentialAction\":[{\"@type\":\"SearchAction\",\"target\":{\"@type\":\"EntryPoint\",\"urlTemplate\":\"https:\/\/afam-maiw.com\/?s={search_term_string}\"},\"query-input\":{\"@type\":\"PropertyValueSpecification\",\"valueRequired\":true,\"valueName\":\"search_term_string\"}}],\"inLanguage\":\"en-US\"}]}<\/script>\n<!-- \/ Yoast SEO plugin. -->","yoast_head_json":{"title":"Advantages of being a member of MAIW - AFAM-MAIW","robots":{"index":"index","follow":"follow","max-snippet":"max-snippet:-1","max-image-preview":"max-image-preview:large","max-video-preview":"max-video-preview:-1"},"canonical":"https:\/\/afam-maiw.com\/en\/advantages-of-being-a-member-of-maiw\/","og_locale":"en_US","og_type":"article","og_title":"Advantages of being a member of MAIW - AFAM-MAIW","og_description":"Advantages of being a member of MAIW Ajoutez votre titre ici Access to free education sessions or at a reduced cost Networking activities Personal and professional development activities Be part [&hellip;]","og_url":"https:\/\/afam-maiw.com\/en\/advantages-of-being-a-member-of-maiw\/","og_site_name":"AFAM-MAIW","article_modified_time":"2023-09-08T18:04:59+00:00","twitter_card":"summary_large_image","schema":{"@context":"https:\/\/schema.org","@graph":[{"@type":"WebPage","@id":"https:\/\/afam-maiw.com\/en\/advantages-of-being-a-member-of-maiw\/","url":"https:\/\/afam-maiw.com\/en\/advantages-of-being-a-member-of-maiw\/","name":"Advantages of being a member of MAIW - AFAM-MAIW","isPartOf":{"@id":"https:\/\/afam-maiw.com\/#website"},"datePublished":"2022-12-09T17:46:49+00:00","dateModified":"2023-09-08T18:04:59+00:00","breadcrumb":{"@id":"https:\/\/afam-maiw.com\/en\/advantages-of-being-a-member-of-maiw\/#breadcrumb"},"inLanguage":"en-US","potentialAction":[{"@type":"ReadAction","target":["https:\/\/afam-maiw.com\/en\/advantages-of-being-a-member-of-maiw\/"]}]},{"@type":"BreadcrumbList","@id":"https:\/\/afam-maiw.com\/en\/advantages-of-being-a-member-of-maiw\/#breadcrumb","itemListElement":[{"@type":"ListItem","position":1,"name":"Accueil","item":"https:\/\/afam-maiw.com\/en\/"},{"@type":"ListItem","position":2,"name":"Advantages of being a member of MAIW"}]},{"@type":"WebSite","@id":"https:\/\/afam-maiw.com\/#website","url":"https:\/\/afam-maiw.com\/","name":"AFAM-MAIW","description":"","potentialAction":[{"@type":"SearchAction","target":{"@type":"EntryPoint","urlTemplate":"https:\/\/afam-maiw.com\/?s={search_term_string}"},"query-input":{"@type":"PropertyValueSpecification","valueRequired":true,"valueName":"search_term_string"}}],"inLanguage":"en-US"}]}},"_links":{"self":[{"href":"https:\/\/afam-maiw.com\/en\/wp-json\/wp\/v2\/pages\/1516","targetHints":{"allow":["GET"]}}],"collection":[{"href":"https:\/\/afam-maiw.com\/en\/wp-json\/wp\/v2\/pages"}],"about":[{"href":"https:\/\/afam-maiw.com\/en\/wp-json\/wp\/v2\/types\/page"}],"author":[{"embeddable":true,"href":"https:\/\/afam-maiw.com\/en\/wp-json\/wp\/v2\/users\/2"}],"replies":[{"embeddable":true,"href":"https:\/\/afam-maiw.com\/en\/wp-json\/wp\/v2\/comments?post=1516"}],"version-history":[{"count":14,"href":"https:\/\/afam-maiw.com\/en\/wp-json\/wp\/v2\/pages\/1516\/revisions"}],"predecessor-version":[{"id":2521,"href":"https:\/\/afam-maiw.com\/en\/wp-json\/wp\/v2\/pages\/1516\/revisions\/2521"}],"wp:attachment":[{"href":"https:\/\/afam-maiw.com\/en\/wp-json\/wp\/v2\/media?parent=1516"}],"curies":[{"name":"wp","href":"https:\/\/api.w.org\/{rel}","templated":true}]}}